{"id":967,"date":"2025-08-01T12:50:24","date_gmt":"2025-08-01T12:50:24","guid":{"rendered":"https:\/\/www.nouvelleau.com\/?page_id=967"},"modified":"2025-08-01T13:06:30","modified_gmt":"2025-08-01T13:06:30","slug":"en-maintenance","status":"publish","type":"page","link":"https:\/\/www.nouvelleau.com\/","title":{"rendered":"En-maintenance"},"content":{"rendered":"<div class=\"wpb-content-wrapper\"><p>[vc_row css=\u00a0\u00bb.vc_custom_1576841291590{padding-top: 6.5em !important;padding-bottom: 6.5em !important;}\u00a0\u00bb][vc_column width=\u00a0\u00bb1\/4&Prime;][\/vc_column][vc_column width=\u00a0\u00bb1\/2&Prime;]<h4 class=\"sc_title sc_title_regular sc_align_center sc_form_title sc_item_title \" style=\"text-align:center;\">Contacter Nouvell&rsquo;Eau<\/h4><h6 class=\"sc_title sc_title_regular sc_align_center sc_item_subtitle \" style=\"text-align:center;\">Le site fait peau neuve, retrouvez tr\u00e8s prochainement votre site d\u00e9di\u00e9 au d\u00e9pannage, \u00e0 l&rsquo;entretien et \u00e0 la conception de vos piscines, ainsi qu&rsquo;aux SPA.<\/p>\n<p>Nous restons \u00e0 votre \u00e9coute, n&rsquo;h\u00e9sitez pas \u00e0 nous t\u00e9l\u00e9phoner ou \u00e0 nous envoyer un message :<\/h6>\n<div class=\"wpcf7 no-js\" id=\"wpcf7-f625-o1\" lang=\"en-US\" dir=\"ltr\" data-wpcf7-id=\"625\">\n<div class=\"screen-reader-response\"><p role=\"status\" aria-live=\"polite\" aria-atomic=\"true\"><\/p> <ul><\/ul><\/div>\n<form action=\"\/index.php\/wp-json\/wp\/v2\/pages\/967#wpcf7-f625-o1\" method=\"post\" class=\"wpcf7-form init\" aria-label=\"Contact form\" novalidate=\"novalidate\" data-status=\"init\">\n<fieldset class=\"hidden-fields-container\"><input type=\"hidden\" name=\"_wpcf7\" value=\"625\" \/><input type=\"hidden\" name=\"_wpcf7_version\" value=\"6.1\" \/><input type=\"hidden\" name=\"_wpcf7_locale\" value=\"en_US\" \/><input type=\"hidden\" name=\"_wpcf7_unit_tag\" value=\"wpcf7-f625-o1\" \/><input type=\"hidden\" name=\"_wpcf7_container_post\" value=\"0\" \/><input type=\"hidden\" name=\"_wpcf7_posted_data_hash\" value=\"\" \/>\n<\/fieldset>\n<div class='row' ><span class=\"wpcf7-form-control-wrap\" data-name=\"your-name\"><input size=\"40\" maxlength=\"400\" class=\"wpcf7-form-control wpcf7-text wpcf7-validates-as-required\" aria-required=\"true\" aria-invalid=\"false\" placeholder=\"Nom*\" value=\"\" type=\"text\" name=\"your-name\" \/><\/span><\/div> \n<div class='row'><span class=\"wpcf7-form-control-wrap\" data-name=\"your-email\"><input size=\"40\" maxlength=\"400\" class=\"wpcf7-form-control wpcf7-email wpcf7-validates-as-required wpcf7-text wpcf7-validates-as-email\" aria-required=\"true\" aria-invalid=\"false\" placeholder=\"E-mail*\" value=\"\" type=\"email\" name=\"your-email\" \/><\/span><\/div>\n<div class=''><span class=\"wpcf7-form-control-wrap\" data-name=\"your-message\"><textarea cols=\"40\" rows=\"10\" maxlength=\"2000\" class=\"wpcf7-form-control wpcf7-textarea wpcf7-validates-as-required\" aria-required=\"true\" aria-invalid=\"false\" placeholder=\"Message*\" name=\"your-message\"><\/textarea><\/span><\/div>\n<div class=\"sc_form_field sc_form_field_button sc_form_field_submit\"><input class=\"wpcf7-form-control wpcf7-submit has-spinner\" type=\"submit\" value=\"Envoyer un message\" \/><\/div><div class=\"wpcf7-response-output\" aria-hidden=\"true\"><\/div>\n<\/form>\n<\/div>\n[\/vc_column][vc_column width=\u00a0\u00bb1\/4&Prime;][\/vc_column][\/vc_row]<\/p>\n<\/div>","protected":false},"excerpt":{"rendered":"<p>[vc_row css=\u00a0\u00bb.vc_custom_1576841291590{padding-top: 6.5em !important;padding-bottom: 6.5em !important;}\u00a0\u00bb][vc_column width=\u00a0\u00bb1\/4&Prime;][\/vc_column][vc_column width=\u00a0\u00bb1\/2&Prime;][\/vc_column][vc_column width=\u00a0\u00bb1\/4&Prime;][\/vc_column][\/vc_row]<\/p>\n","protected":false},"author":1,"featured_media":0,"parent":0,"menu_order":0,"comment_status":"closed","ping_status":"closed","template":"","meta":{"footnotes":""},"class_list":["post-967","page","type-page","status-publish","hentry"],"_links":{"self":[{"href":"https:\/\/www.nouvelleau.com\/index.php\/wp-json\/wp\/v2\/pages\/967","targetHints":{"allow":["GET"]}}],"collection":[{"href":"https:\/\/www.nouvelleau.com\/index.php\/wp-json\/wp\/v2\/pages"}],"about":[{"href":"https:\/\/www.nouvelleau.com\/index.php\/wp-json\/wp\/v2\/types\/page"}],"author":[{"embeddable":true,"href":"https:\/\/www.nouvelleau.com\/index.php\/wp-json\/wp\/v2\/users\/1"}],"replies":[{"embeddable":true,"href":"https:\/\/www.nouvelleau.com\/index.php\/wp-json\/wp\/v2\/comments?post=967"}],"version-history":[{"count":9,"href":"https:\/\/www.nouvelleau.com\/index.php\/wp-json\/wp\/v2\/pages\/967\/revisions"}],"predecessor-version":[{"id":1000,"href":"https:\/\/www.nouvelleau.com\/index.php\/wp-json\/wp\/v2\/pages\/967\/revisions\/1000"}],"wp:attachment":[{"href":"https:\/\/www.nouvelleau.com\/index.php\/wp-json\/wp\/v2\/media?parent=967"}],"curies":[{"name":"wp","href":"https:\/\/api.w.org\/{rel}","templated":true}]}}